{"id":664,"date":"2017-10-11T23:13:45","date_gmt":"2017-10-11T21:13:45","guid":{"rendered":"https:\/\/alaincardenas.com\/blog\/?page_id=664"},"modified":"2024-01-31T21:20:30","modified_gmt":"2024-01-31T20:20:30","slug":"comite-de-redaction","status":"publish","type":"page","link":"https:\/\/alaincardenas.com\/blog\/comite-de-redaction\/","title":{"rendered":"Comit\u00e9 de r\u00e9daction"},"content":{"rendered":"<div id=\"AppleMailSignature\"><\/div>\n<div><\/div>\n<ul>\n<li id=\"AppleMailSignature\">Philippe Bennequin, ancien Directeur de l&rsquo;atelier de fresque, Professeur, \u00c9cole Nationale Sup\u00e9rieure des Beaux-Arts, Paris.<\/li>\n<li>Alain Cardenas-Castro, Enseignant-chercheur, Institut catholique de Paris, Plasticien-m\u00e9diateur, Mus\u00e9e de l&rsquo;Homme &#8211;\u00a0MNHN, Paris.<\/li>\n<li>Chen Kuangyi, Directrice du Mus\u00e9e national des Beaux-arts, Taiwan.<\/li>\n<li>Christophe Comentale, Professeur au Centre Culturel de Chine \u00e0 Paris, ancien Conseiller scientifique au Mus\u00e9e chinois du quotidien, Chercheur au Mus\u00e9e national des minorit\u00e9s de P\u00e9kin,\u00a0\u00a0Conservateur en chef honoraire au Mus\u00e9um national d&rsquo;Histoire naturelle.<\/li>\n<li id=\"AppleMailSignature\">Hou Liming, Directeur du d\u00e9partement de recherches sur les fresques, Institut de recherches de l&rsquo;Acad\u00e9mie de Dunhuang, Chine.<\/li>\n<li>Emmanuel Lincot, Professeur des universit\u00e9s (Institut Catholique de Paris). Sp\u00e9cialiste d&rsquo;histoire culturelle et politique de la Chine. Chercheur associ\u00e9, Iris. R\u00e9dacteur en chef Revue Asia Focus.<\/li>\n<li id=\"AppleMailSignature\">Anna Romanello, Professeur honoraire, Acad\u00e9mie des Beaux-arts, Rome.<\/li>\n<li id=\"AppleMailSignature\">Wei Ronghui, Directrice du mus\u00e9e national des minorit\u00e9s, Beijing, Chine.<\/li>\n<li>Sarah Wilson, Professeur d&rsquo;histoire de l&rsquo;art, Courtauld institute of art, Londres.<\/li>\n<\/ul>\n","protected":false},"excerpt":{"rendered":"<p>Philippe Bennequin, ancien Directeur de l&rsquo;atelier de fresque, Professeur, \u00c9cole Nationale Sup\u00e9rieure des Beaux-Arts, Paris. Alain Cardenas-Castro, Enseignant-chercheur, Institut catholique de Paris, Plasticien-m\u00e9diateur, Mus\u00e9e de l&rsquo;Homme &#8211;\u00a0MNHN, Paris. Chen Kuangyi, Directrice du Mus\u00e9e national des Beaux-arts, Taiwan. Christophe Comentale, Professeur &hellip; <a href=\"https:\/\/alaincardenas.com\/blog\/comite-de-redaction\/\">Continuer la lecture <span class=\"meta-nav\">&rarr;<\/span><\/a><\/p>\n","protected":false},"author":1,"featured_media":0,"parent":0,"menu_order":0,"comment_status":"closed","ping_status":"closed","template":"","meta":{"sfsi_plus_gutenberg_text_before_share":"","sfsi_plus_gutenberg_show_text_before_share":"","sfsi_plus_gutenberg_icon_type":"","sfsi_plus_gutenberg_icon_alignemt":"","sfsi_plus_gutenburg_max_per_row":"","jetpack_post_was_ever_published":false},"jetpack_sharing_enabled":true,"jetpack_shortlink":"https:\/\/wp.me\/P8Mijt-aI","jetpack_likes_enabled":true,"jetpack-related-posts":[{"id":201,"url":"https:\/\/alaincardenas.com\/blog\/about\/accueil\/","url_meta":{"origin":664,"position":0},"title":"Huit ans d\u00e9j\u00e0\u00a0!","author":"admin","date":"2017-06-13","format":false,"excerpt":"... Et une neuvi\u00e8me ann\u00e9e \u00e0 venir ! La cr\u00e9ation d\u2019un instrument p\u00e9dagogique, de r\u00e9f\u00e9rence, de d\u00e9lectation aussi, se fait parfois dans l\u2019intensit\u00e9 moins dans la dur\u00e9e, en raison de l\u2019\u00e9nergie qui doit \u00eatre d\u00e9ploy\u00e9e au fil du temps qui passe. En l\u2019occurrence, ce blog est n\u00e9 d\u2019un besoin, d\u2019un\u2026","rel":"","context":"Article similaire","block_context":{"text":"Article similaire","link":""},"img":{"alt_text":"","src":"","width":0,"height":0},"classes":[]}],"_links":{"self":[{"href":"https:\/\/alaincardenas.com\/blog\/wp-json\/wp\/v2\/pages\/664"}],"collection":[{"href":"https:\/\/alaincardenas.com\/blog\/wp-json\/wp\/v2\/pages"}],"about":[{"href":"https:\/\/alaincardenas.com\/blog\/wp-json\/wp\/v2\/types\/page"}],"author":[{"embeddable":true,"href":"https:\/\/alaincardenas.com\/blog\/wp-json\/wp\/v2\/users\/1"}],"replies":[{"embeddable":true,"href":"https:\/\/alaincardenas.com\/blog\/wp-json\/wp\/v2\/comments?post=664"}],"version-history":[{"count":32,"href":"https:\/\/alaincardenas.com\/blog\/wp-json\/wp\/v2\/pages\/664\/revisions"}],"predecessor-version":[{"id":7853,"href":"https:\/\/alaincardenas.com\/blog\/wp-json\/wp\/v2\/pages\/664\/revisions\/7853"}],"wp:attachment":[{"href":"https:\/\/alaincardenas.com\/blog\/wp-json\/wp\/v2\/media?parent=664"}],"curies":[{"name":"wp","href":"https:\/\/api.w.org\/{rel}","templated":true}]}}