{"id":392,"date":"2017-07-31T21:55:10","date_gmt":"2017-07-31T19:55:10","guid":{"rendered":"https:\/\/alaincardenas.com\/blog\/?page_id=392"},"modified":"2017-07-31T21:55:10","modified_gmt":"2017-07-31T19:55:10","slug":"mc4wp-form-preview","status":"publish","type":"page","link":"https:\/\/alaincardenas.com\/blog\/mc4wp-form-preview\/","title":{"rendered":"S&rsquo;abonner au blog"},"content":{"rendered":"<script>(function() {\n\twindow.mc4wp = window.mc4wp || {\n\t\tlisteners: [],\n\t\tforms: {\n\t\t\ton: function(evt, cb) {\n\t\t\t\twindow.mc4wp.listeners.push(\n\t\t\t\t\t{\n\t\t\t\t\t\tevent   : evt,\n\t\t\t\t\t\tcallback: cb\n\t\t\t\t\t}\n\t\t\t\t);\n\t\t\t}\n\t\t}\n\t}\n})();\n<\/script><!-- Mailchimp for WordPress v4.12.2 - https:\/\/wordpress.org\/plugins\/mailchimp-for-wp\/ --><form id=\"mc4wp-form-1\" class=\"mc4wp-form mc4wp-form-391 mc4wp-form-basic\" method=\"post\" data-id=\"391\" data-name=\"abonnement\" ><div class=\"mc4wp-form-fields\"><p>\r\n    <label>First Name<\/label>\r\n    <input type=\"text\" name=\"FNAME\">\r\n<\/p>\r\n<p>\r\n    <label>Last Name<\/label>\r\n    <input type=\"text\" name=\"LNAME\">\r\n<\/p>\r\n<p>\r\n\t<label>Email address: <\/label>\r\n\t<input type=\"email\" name=\"EMAIL\" placeholder=\"Your email address\" required \/>\r\n<\/p>\r\n\r\n<p>\r\n\t<input type=\"submit\" value=\"Sign up\" \/>\r\n<\/p><\/div><label style=\"display: none !important;\">Laissez ce champ vide si vous \u00eates humain\u00a0: <input type=\"text\" name=\"_mc4wp_honeypot\" value=\"\" tabindex=\"-1\" autocomplete=\"off\" \/><\/label><input type=\"hidden\" name=\"_mc4wp_timestamp\" value=\"1777028745\" \/><input type=\"hidden\" name=\"_mc4wp_form_id\" value=\"391\" \/><input type=\"hidden\" name=\"_mc4wp_form_element_id\" value=\"mc4wp-form-1\" \/><div class=\"mc4wp-response\"><\/div><\/form><!-- \/ Mailchimp for WordPress Plugin -->\n","protected":false},"excerpt":{"rendered":"","protected":false},"author":1,"featured_media":0,"parent":0,"menu_order":0,"comment_status":"closed","ping_status":"closed","template":"","meta":{"sfsi_plus_gutenberg_text_before_share":"","sfsi_plus_gutenberg_show_text_before_share":"","sfsi_plus_gutenberg_icon_type":"","sfsi_plus_gutenberg_icon_alignemt":"","sfsi_plus_gutenburg_max_per_row":"","jetpack_post_was_ever_published":false},"jetpack_sharing_enabled":true,"jetpack_shortlink":"https:\/\/wp.me\/P8Mijt-6k","jetpack_likes_enabled":true,"jetpack-related-posts":[{"id":664,"url":"https:\/\/alaincardenas.com\/blog\/comite-de-redaction\/","url_meta":{"origin":392,"position":0},"title":"Comit\u00e9 de r\u00e9daction","author":"admin","date":"2017-10-11","format":false,"excerpt":"Philippe Bennequin, ancien Directeur de l'atelier de fresque, Professeur, \u00c9cole Nationale Sup\u00e9rieure des Beaux-Arts, Paris. Alain Cardenas-Castro, Enseignant-chercheur, Institut catholique de Paris, Plasticien-m\u00e9diateur, Mus\u00e9e de l'Homme -\u00a0MNHN, Paris. Chen Kuangyi, Directrice du Mus\u00e9e national des Beaux-arts, Taiwan. Christophe Comentale, Professeur au Centre Culturel de Chine \u00e0 Paris, ancien Conseiller scientifique\u2026","rel":"","context":"Article similaire","block_context":{"text":"Article similaire","link":""},"img":{"alt_text":"","src":"","width":0,"height":0},"classes":[]},{"id":201,"url":"https:\/\/alaincardenas.com\/blog\/about\/accueil\/","url_meta":{"origin":392,"position":1},"title":"Huit ans d\u00e9j\u00e0\u00a0!","author":"admin","date":"2017-06-13","format":false,"excerpt":"... Et une neuvi\u00e8me ann\u00e9e \u00e0 venir ! La cr\u00e9ation d\u2019un instrument p\u00e9dagogique, de r\u00e9f\u00e9rence, de d\u00e9lectation aussi, se fait parfois dans l\u2019intensit\u00e9 moins dans la dur\u00e9e, en raison de l\u2019\u00e9nergie qui doit \u00eatre d\u00e9ploy\u00e9e au fil du temps qui passe. En l\u2019occurrence, ce blog est n\u00e9 d\u2019un besoin, d\u2019un\u2026","rel":"","context":"Article similaire","block_context":{"text":"Article similaire","link":""},"img":{"alt_text":"","src":"","width":0,"height":0},"classes":[]},{"id":2,"url":"https:\/\/alaincardenas.com\/blog\/about\/","url_meta":{"origin":392,"position":2},"title":"Article sans titre","author":"admin","date":"2013-06-16","format":false,"excerpt":"","rel":"","context":"Avec 13 commentaires","block_context":{"text":"Avec 13 commentaires","link":"https:\/\/alaincardenas.com\/blog\/about\/#comments"},"img":{"alt_text":"","src":"","width":0,"height":0},"classes":[]}],"_links":{"self":[{"href":"https:\/\/alaincardenas.com\/blog\/wp-json\/wp\/v2\/pages\/392"}],"collection":[{"href":"https:\/\/alaincardenas.com\/blog\/wp-json\/wp\/v2\/pages"}],"about":[{"href":"https:\/\/alaincardenas.com\/blog\/wp-json\/wp\/v2\/types\/page"}],"author":[{"embeddable":true,"href":"https:\/\/alaincardenas.com\/blog\/wp-json\/wp\/v2\/users\/1"}],"replies":[{"embeddable":true,"href":"https:\/\/alaincardenas.com\/blog\/wp-json\/wp\/v2\/comments?post=392"}],"version-history":[{"count":1,"href":"https:\/\/alaincardenas.com\/blog\/wp-json\/wp\/v2\/pages\/392\/revisions"}],"predecessor-version":[{"id":401,"href":"https:\/\/alaincardenas.com\/blog\/wp-json\/wp\/v2\/pages\/392\/revisions\/401"}],"wp:attachment":[{"href":"https:\/\/alaincardenas.com\/blog\/wp-json\/wp\/v2\/media?parent=392"}],"curies":[{"name":"wp","href":"https:\/\/api.w.org\/{rel}","templated":true}]}}