{"id":201,"date":"2017-06-13T11:00:22","date_gmt":"2017-06-13T09:00:22","guid":{"rendered":"https:\/\/alaincardenas.com\/blog\/?page_id=201"},"modified":"2026-03-21T22:08:26","modified_gmt":"2026-03-21T21:08:26","slug":"accueil","status":"publish","type":"page","link":"https:\/\/alaincardenas.com\/blog\/about\/accueil\/","title":{"rendered":"Huit ans d\u00e9j\u00e0\u00a0!"},"content":{"rendered":"<p>&#8230; Et une neuvi\u00e8me ann\u00e9e \u00e0 venir !<\/p>\n<p>La cr\u00e9ation d\u2019un instrument p\u00e9dagogique, de r\u00e9f\u00e9rence, de d\u00e9lectation aussi, se fait parfois dans l\u2019intensit\u00e9 moins dans la dur\u00e9e, en raison de l\u2019\u00e9nergie qui doit \u00eatre d\u00e9ploy\u00e9e au fil du temps qui passe.<\/p>\n<p>En l\u2019occurrence, ce blog est n\u00e9 d\u2019un besoin, d\u2019un manque, m\u00eame, de celui d\u2019articles qui correspondent d\u2019une part aux cours que nous donnons, aux conf\u00e9rences que nous avons le loisir de construire pour des publics divers, int\u00e9ress\u00e9s par l\u2019Est, l\u2019Ouest, en fait par l\u2019image. En effet, les publications papier sont de moins en moins nombreuses, il n\u2019emp\u00eache que bon nombre de sujets\u00a0 ne sont pas trait\u00e9s comme nous le souhaiterions, d\u2019o\u00f9 ce palliatif\u00a0: un r\u00e9sum\u00e9 de cours, un \u00e9clairage singulier sur un sujet, une nouvelle parution, un article int\u00e9ressant mais peu consult\u00e9 ou une nouveaut\u00e9 bibliographique ignor\u00e9e de l\u2019usine \u00e0 normaliser que constituent les r\u00e9servoirs importants g\u00e9r\u00e9s \u00e0 l\u2019international,\u2026 Bref, les collaborations de notre groupe r\u00e9dactionnel, d\u2019horizons tr\u00e8s diff\u00e9rents, sont un atout non n\u00e9gligeable pour assurer une vari\u00e9t\u00e9 de regards sur des points de l\u2019histoire de l\u2019art ancien ou actuel.<\/p>\n<p>Par ailleurs, les \u00e9tudiants sont aussi des copieurs-colleurs \u00e9nergiques, nous les en remercions et leur conseillons aussi de se rabattre sur les compl\u00e9ments bibliographiques donn\u00e9s en fin de chaque article, ces \u00e9l\u00e9ments enrichiront leur travail.<\/p>\n<p>Nous choisissons nos sujets selon notre go\u00fbt et notre sp\u00e9cialit\u00e9\u00a0: plut\u00f4t l\u2019Asie, plut\u00f4t le P\u00e9rou et, bien s\u00fbr, ce qui nous pla\u00eet, ce que nous cr\u00e9ons parfois.<\/p>\n<p>Certaines expositions feront l\u2019objet d\u2019un commentaire car l\u2019axe analys\u00e9 ne nous aura pas sembl\u00e9 celui qui nous a attir\u00e9 le plus.<\/p>\n<p>Continuons d\u2019utiliser toutes les sources possibles, institutionnelles ou au contraire, tous les \u00e9l\u00e9ments in\u00e9dits qui donnent sa vigueur \u00e0 la cr\u00e9ativit\u00e9 humaine.<\/p>\n<p>Le plus important est et reste, pour les chercheurs et curieux que nous sommes, de pouvoir nous exprimer hors d\u2019un seul contexte institutionnel, et, ainsi, de produire d\u2019autres interactions, en particulier, des prolongements hors de cet espace.<\/p>\n<div id=\"attachment_9500\" style=\"width: 198px\" class=\"wp-caption aligncenter\"><a href=\"https:\/\/i0.wp.com\/alaincardenas.com\/blog\/wp-content\/uploads\/2026\/03\/Alain-Christophe-UNESCO.jpg?ssl=1\"><img aria-describedby=\"caption-attachment-9500\" data-attachment-id=\"9500\" data-permalink=\"https:\/\/alaincardenas.com\/blog\/about\/accueil\/alain-christophe-unesco\/\" data-orig-file=\"https:\/\/i0.wp.com\/alaincardenas.com\/blog\/wp-content\/uploads\/2026\/03\/Alain-Christophe-UNESCO.jpg?fit=556%2C888&amp;ssl=1\" data-orig-size=\"556,888\" data-comments-opened=\"0\" data-image-meta=\"{&quot;aperture&quot;:&quot;0&quot;,&quot;credit&quot;:&quot;&quot;,&quot;camera&quot;:&quot;--&quot;,&quot;caption&quot;:&quot;&quot;,&quot;created_timestamp&quot;:&quot;1773860825&quot;,&quot;copyright&quot;:&quot;&quot;,&quot;focal_length&quot;:&quot;0&quot;,&quot;iso&quot;:&quot;0&quot;,&quot;shutter_speed&quot;:&quot;1&quot;,&quot;title&quot;:&quot;&quot;,&quot;orientation&quot;:&quot;1&quot;}\" data-image-title=\"Alain Christophe UNESCO\" data-image-description=\"\" data-image-caption=\"\" data-medium-file=\"https:\/\/i0.wp.com\/alaincardenas.com\/blog\/wp-content\/uploads\/2026\/03\/Alain-Christophe-UNESCO.jpg?fit=188%2C300&amp;ssl=1\" data-large-file=\"https:\/\/i0.wp.com\/alaincardenas.com\/blog\/wp-content\/uploads\/2026\/03\/Alain-Christophe-UNESCO.jpg?fit=556%2C888&amp;ssl=1\" decoding=\"async\" loading=\"lazy\" class=\"wp-image-9500 size-medium\" src=\"https:\/\/i0.wp.com\/alaincardenas.com\/blog\/wp-content\/uploads\/2026\/03\/Alain-Christophe-UNESCO.jpg?resize=188%2C300&#038;ssl=1\" alt=\"\" width=\"188\" height=\"300\" srcset=\"https:\/\/i0.wp.com\/alaincardenas.com\/blog\/wp-content\/uploads\/2026\/03\/Alain-Christophe-UNESCO.jpg?resize=188%2C300&amp;ssl=1 188w, https:\/\/i0.wp.com\/alaincardenas.com\/blog\/wp-content\/uploads\/2026\/03\/Alain-Christophe-UNESCO.jpg?w=556&amp;ssl=1 556w\" sizes=\"(max-width: 188px) 100vw, 188px\" data-recalc-dims=\"1\" \/><\/a><p id=\"caption-attachment-9500\" class=\"wp-caption-text\">Alain Cardenas-Castro &amp; Christophe Comentale, Paris (2026).<\/p><\/div>\n<p>\u25cf\u25cf Du bon usage des d\u00e9finitions.<\/p>\n<p>Vous trouverez ainsi diff\u00e9rentes rubriques, utilisez-les au mieux.<\/p>\n<p><strong>Ev\u00e9nement\u00a0<\/strong>: la rubrique contient les expositions, les accrochages \u00e9ph\u00e9m\u00e8res, des visites\u2026.<\/p>\n<p><strong>Compte-rendu<\/strong>\u00a0: pr\u00e9sentation des colloques qui ont retenu notre attention, mais pas forc\u00e9ment celle des m\u00e9dia.<\/p>\n<p><strong>Portrait<\/strong>\u00a0: pr\u00e9sentation d\u2019un cr\u00e9ateur hors \u00e9v\u00e9nement ou dans un contexte autre\u00a0: atelier, r\u00e9sidence,\u2026<\/p>\n<p><strong>\u0152uvre<\/strong>\u00a0: description analytique, pol\u00e9mique, d\u2019une \u0153uvre, r\u00e9cente ou ancienne sous la forme notule<\/p>\n","protected":false},"excerpt":{"rendered":"<p>&#8230; Et une neuvi\u00e8me ann\u00e9e \u00e0 venir ! La cr\u00e9ation d\u2019un instrument p\u00e9dagogique, de r\u00e9f\u00e9rence, de d\u00e9lectation aussi, se fait parfois dans l\u2019intensit\u00e9 moins dans la dur\u00e9e, en raison de l\u2019\u00e9nergie qui doit \u00eatre d\u00e9ploy\u00e9e au fil du temps qui &hellip; <a href=\"https:\/\/alaincardenas.com\/blog\/about\/accueil\/\">Continuer la lecture <span class=\"meta-nav\">&rarr;<\/span><\/a><\/p>\n","protected":false},"author":1,"featured_media":0,"parent":2,"menu_order":1,"comment_status":"closed","ping_status":"closed","template":"","meta":{"sfsi_plus_gutenberg_text_before_share":"","sfsi_plus_gutenberg_show_text_before_share":"","sfsi_plus_gutenberg_icon_type":"","sfsi_plus_gutenberg_icon_alignemt":"","sfsi_plus_gutenburg_max_per_row":"","jetpack_post_was_ever_published":false},"jetpack_sharing_enabled":true,"jetpack_shortlink":"https:\/\/wp.me\/P8Mijt-3f","jetpack_likes_enabled":true,"jetpack-related-posts":[],"_links":{"self":[{"href":"https:\/\/alaincardenas.com\/blog\/wp-json\/wp\/v2\/pages\/201"}],"collection":[{"href":"https:\/\/alaincardenas.com\/blog\/wp-json\/wp\/v2\/pages"}],"about":[{"href":"https:\/\/alaincardenas.com\/blog\/wp-json\/wp\/v2\/types\/page"}],"author":[{"embeddable":true,"href":"https:\/\/alaincardenas.com\/blog\/wp-json\/wp\/v2\/users\/1"}],"replies":[{"embeddable":true,"href":"https:\/\/alaincardenas.com\/blog\/wp-json\/wp\/v2\/comments?post=201"}],"version-history":[{"count":25,"href":"https:\/\/alaincardenas.com\/blog\/wp-json\/wp\/v2\/pages\/201\/revisions"}],"predecessor-version":[{"id":9507,"href":"https:\/\/alaincardenas.com\/blog\/wp-json\/wp\/v2\/pages\/201\/revisions\/9507"}],"up":[{"embeddable":true,"href":"https:\/\/alaincardenas.com\/blog\/wp-json\/wp\/v2\/pages\/2"}],"wp:attachment":[{"href":"https:\/\/alaincardenas.com\/blog\/wp-json\/wp\/v2\/media?parent=201"}],"curies":[{"name":"wp","href":"https:\/\/api.w.org\/{rel}","templated":true}]}}